{"id":182,"date":"2023-12-13T14:38:24","date_gmt":"2023-12-13T14:38:24","guid":{"rendered":"https:\/\/staging-paraguay.mapbiomas.org\/?page_id=182"},"modified":"2026-02-19T17:52:06","modified_gmt":"2026-02-19T17:52:06","slug":"mapas-de-la-coleccion","status":"publish","type":"page","link":"https:\/\/paraguay.mapbiomas.org\/en\/mapas-de-la-coleccion\/","title":{"rendered":"Collection Maps"},"content":{"rendered":"<p>A partir de los mosaicos Landsat, se realizan clasificaciones que dan como resultado los mapas de cobertura y uso del suelo para cada a\u00f1o. Dentro de la l\u00f3gica propuesta por MapBiomas, los mapas se actualizar\u00e1n siempre que haya una mejora en los algoritmos de clasificaci\u00f3n. La metodolog\u00eda de clasificaci\u00f3n es din\u00e1mica y procedimental, con el fin de mejorar la clasificaci\u00f3n de cada tipolog\u00eda.<\/p>\n\n\n\n<p>Importante: al componer un solo mosaico o calcular estad\u00edsticas sobre los mapas, se debe tener en cuenta que:<\/p>\n\n\n\n<ul>\n<li>Para calcular el \u00e1rea es necesario utilizar una proyecci\u00f3n m\u00e9trica adecuada.<\/li>\n\n\n\n<li>Todos los datos est\u00e1n en formato GeoTiff y tienen compresi\u00f3n LZW.<\/li>\n<\/ul>\n\n\n\n<p><strong>Siempre se puede acceder a la colecci\u00f3n m\u00e1s actual de MapBiomas de las siguientes maneras:<\/strong><\/p>\n\n\n\n<p>1. Navegando on line en la plataforma\/dashboard: <a href=\"https:\/\/plataforma.paraguay.mapbiomas.org\/\">https:\/\/plataforma.paraguay.mapbiomas.org\/<\/a>&nbsp;<\/p>\n\n\n\n<p>2. Acceder el <em>asset<\/em> de datos en <em>Google Earth Engine<\/em>:<\/p>\n\n\n\n<p><em>Cobertura: projects\/mapbiomas-public\/assets\/paraguay\/collection2\/mapbiomas_paraguay_collection2_integration_v1<\/em><\/p>\n\n\n\n<p>3. Descarga directa de los mapas de Cobertura y Uso del Suelo de la Colecci\u00f3n 2&nbsp; de MapBiomas Paraguay en formato GeoTiff (un mapa para cada a\u00f1o)<\/p>\n\n\n\n<p class=\"has-text-align-left\">Para el a\u00f1o 2023: <\/p>\n\n\n\n<p class=\"has-text-align-left\"><a href=\"https:\/\/storage.googleapis.com\/mapbiomas-public\/initiatives\/paraguay\/collection_2\/mapbiomas_paraguay_collection2_integration_v1-classification_2023.tif\" target=\"_blank\" rel=\"noreferrer noopener\">https:\/\/storage.googleapis.com\/mapbiomas-public\/initiatives\/paraguay\/collection_2\/mapbiomas_paraguay_collection2_integration_v1-classification_2023.tif<\/a><\/p>\n\n\n\n<p class=\"has-text-align-left\">For the other years, its need to be changed the final year at the end of the link. Available since 1985.<\/p>\n\n\n\n<p><a href=\"https:\/\/storage.googleapis.com\/mapbiomas-public\/initiatives\/paraguay\/collection_2\/mapbiomas_paraguay_collection2_transitions_v1-transitions_1985_2023.tif\">https:\/\/storage.googleapis.com\/mapbiomas-public\/initiatives\/paraguay\/collection_2\/mapbiomas_paraguay_collection2_transitions_v1-transitions_1985_2023.tif<\/a><\/p>\n\n\n\n<p>4. Descargar por. departamento, municipio y regi\u00f3n o&nbsp; cualquier otra geometr\u00eda deseada utilizando *<a href=\"https:\/\/code.earthengine.google.com\/?scriptPath=users%2Fmapbiomas%2Fuser-toolkit%3Amapbiomas-user-toolkit-lulc.js\">Toolkit<\/a> preparado en <a href=\"https:\/\/earthengine.google.com\/\">Google Earth Engine<\/a> (GEE).<\/p>\n\n\n\n<p>*Para usar esta herramienta es necesario tener una cuenta para Google Earth Engine (gratuito)<\/p>","protected":false},"excerpt":{"rendered":"<p>A partir de los mosaicos Landsat, se realizan clasificaciones que dan como resultado los mapas de cobertura y uso del suelo para cada a\u00f1o. Dentro de la l\u00f3gica propuesta por MapBiomas, los mapas se actualizar\u00e1n siempre que haya una mejora en los algoritmos de clasificaci\u00f3n. La metodolog\u00eda de clasificaci\u00f3n es din\u00e1mica y procedimental, con el [&hellip;]<\/p>","protected":false},"author":2,"featured_media":0,"parent":0,"menu_order":0,"comment_status":"closed","ping_status":"closed","template":"","meta":{"_uag_custom_page_level_css":""},"acf":[],"uagb_featured_image_src":{"full":false,"thumbnail":false,"medium":false,"medium_large":false,"large":false,"1536x1536":false,"2048x2048":false,"trp-custom-language-flag":false,"infographic":false,"team":false},"uagb_author_info":{"display_name":"Adriel Fernandes","author_link":"https:\/\/paraguay.mapbiomas.org\/en\/author\/adriel-fernandes\/"},"uagb_comment_info":0,"uagb_excerpt":"A partir de los mosaicos Landsat, se realizan clasificaciones que dan como resultado los mapas de cobertura y uso del suelo para cada a\u00f1o. Dentro de la l\u00f3gica propuesta por MapBiomas, los mapas se actualizar\u00e1n siempre que haya una mejora en los algoritmos de clasificaci\u00f3n. La metodolog\u00eda de clasificaci\u00f3n es din\u00e1mica y procedimental, con el&hellip;","_links":{"self":[{"href":"https:\/\/paraguay.mapbiomas.org\/en\/wp-json\/wp\/v2\/pages\/182"}],"collection":[{"href":"https:\/\/paraguay.mapbiomas.org\/en\/wp-json\/wp\/v2\/pages"}],"about":[{"href":"https:\/\/paraguay.mapbiomas.org\/en\/wp-json\/wp\/v2\/types\/page"}],"author":[{"embeddable":true,"href":"https:\/\/paraguay.mapbiomas.org\/en\/wp-json\/wp\/v2\/users\/2"}],"replies":[{"embeddable":true,"href":"https:\/\/paraguay.mapbiomas.org\/en\/wp-json\/wp\/v2\/comments?post=182"}],"version-history":[{"count":21,"href":"https:\/\/paraguay.mapbiomas.org\/en\/wp-json\/wp\/v2\/pages\/182\/revisions"}],"predecessor-version":[{"id":537,"href":"https:\/\/paraguay.mapbiomas.org\/en\/wp-json\/wp\/v2\/pages\/182\/revisions\/537"}],"wp:attachment":[{"href":"https:\/\/paraguay.mapbiomas.org\/en\/wp-json\/wp\/v2\/media?parent=182"}],"curies":[{"name":"wp","href":"https:\/\/api.w.org\/{rel}","templated":true}]}}