{"id":188,"date":"2023-12-13T14:44:35","date_gmt":"2023-12-13T14:44:35","guid":{"rendered":"https:\/\/staging-paraguay.mapbiomas.org\/?page_id=188"},"modified":"2023-12-14T18:03:47","modified_gmt":"2023-12-14T18:03:47","slug":"mosaicos-landsat","status":"publish","type":"page","link":"https:\/\/paraguay.mapbiomas.org\/en\/mosaicos-landsat\/","title":{"rendered":"Landsat Mosaics"},"content":{"rendered":"<p>Las clasificaciones de cobertura y uso del suelo de la colecci\u00f3n MapBiomas se basan en mosaicos generados a partir de im\u00e1genes Landsat. Para cada uno de los a\u00f1os evaluados,&nbsp;se ha producido un mosaico espec\u00edfico. Cada mosaico es producido por la integraci\u00f3n espacial de las distintas escenas Landsat presentes y por la integraci\u00f3n temporal p\u00edxel a p\u00edxel. Estos intervalos temporales se definieron en funci\u00f3n de la estrategia para mejorar los resultados de la clasificaci\u00f3n.<\/p>\n\n\n\n<p>The mosaics are generated by 1:250,000 charts, containing up to 37 components per pixel, including 6 spectral bands as well as various fraction metrics and spectral indices.<\/p>\n\n\n\n<p>Collection 1 mosaics can be accessed directly in Google Earth Engine via the following link*: <a href=\"https:\/\/code.earthengine.google.com\/?scriptPath=users%2Fmapbiomas%2Fuser-toolkit%3Amapbiomas-user-toolkit-lulc.js\">Google &#8211; Code Earth Engine<\/a><\/p>\n\n\n\n<p><em>ID:<\/em> projects\/mapbiomas-public\/assets\/paraguay\/collection1\/mapbiomas_paraguay_collection1_integration_v1<\/p>\n\n\n\n<p>*To use this tool you need to have a Google Earth Engine account (free).<\/p>","protected":false},"excerpt":{"rendered":"<p>Las clasificaciones de cobertura y uso del suelo de la colecci\u00f3n MapBiomas se basan en mosaicos generados a partir de im\u00e1genes Landsat. Para cada uno de los a\u00f1os evaluados,&nbsp;se ha producido un mosaico espec\u00edfico. Cada mosaico es producido por la integraci\u00f3n espacial de las distintas escenas Landsat presentes y por la integraci\u00f3n temporal p\u00edxel a [&hellip;]<\/p>","protected":false},"author":2,"featured_media":0,"parent":0,"menu_order":0,"comment_status":"closed","ping_status":"closed","template":"","meta":{"_uag_custom_page_level_css":""},"acf":[],"uagb_featured_image_src":{"full":false,"thumbnail":false,"medium":false,"medium_large":false,"large":false,"1536x1536":false,"2048x2048":false,"trp-custom-language-flag":false,"infographic":false,"team":false},"uagb_author_info":{"display_name":"Adriel Fernandes","author_link":"https:\/\/paraguay.mapbiomas.org\/en\/author\/adriel-fernandes\/"},"uagb_comment_info":0,"uagb_excerpt":"Las clasificaciones de cobertura y uso del suelo de la colecci\u00f3n MapBiomas se basan en mosaicos generados a partir de im\u00e1genes Landsat. Para cada uno de los a\u00f1os evaluados,&nbsp;se ha producido un mosaico espec\u00edfico. Cada mosaico es producido por la integraci\u00f3n espacial de las distintas escenas Landsat presentes y por la integraci\u00f3n temporal p\u00edxel a&hellip;","_links":{"self":[{"href":"https:\/\/paraguay.mapbiomas.org\/en\/wp-json\/wp\/v2\/pages\/188"}],"collection":[{"href":"https:\/\/paraguay.mapbiomas.org\/en\/wp-json\/wp\/v2\/pages"}],"about":[{"href":"https:\/\/paraguay.mapbiomas.org\/en\/wp-json\/wp\/v2\/types\/page"}],"author":[{"embeddable":true,"href":"https:\/\/paraguay.mapbiomas.org\/en\/wp-json\/wp\/v2\/users\/2"}],"replies":[{"embeddable":true,"href":"https:\/\/paraguay.mapbiomas.org\/en\/wp-json\/wp\/v2\/comments?post=188"}],"version-history":[{"count":6,"href":"https:\/\/paraguay.mapbiomas.org\/en\/wp-json\/wp\/v2\/pages\/188\/revisions"}],"predecessor-version":[{"id":272,"href":"https:\/\/paraguay.mapbiomas.org\/en\/wp-json\/wp\/v2\/pages\/188\/revisions\/272"}],"wp:attachment":[{"href":"https:\/\/paraguay.mapbiomas.org\/en\/wp-json\/wp\/v2\/media?parent=188"}],"curies":[{"name":"wp","href":"https:\/\/api.w.org\/{rel}","templated":true}]}}