{"id":192,"date":"2023-12-13T14:46:09","date_gmt":"2023-12-13T14:46:09","guid":{"rendered":"https:\/\/staging-paraguay.mapbiomas.org\/?page_id=192"},"modified":"2025-04-14T19:17:11","modified_gmt":"2025-04-14T19:17:11","slug":"codigos-de-la-leyenda","status":"publish","type":"page","link":"https:\/\/paraguay.mapbiomas.org\/en\/codigos-de-la-leyenda\/","title":{"rendered":"Legend codes"},"content":{"rendered":"<p>Los c\u00f3digos de la leyenda que aparecen en los archivos en formato raster de la Colecci\u00f3n 2 de MapBiomas Paraguay est\u00e1n disponible en: <\/p>\n\n\n\n<ul>\n<li><a href=\"https:\/\/drive.google.com\/file\/d\/1VtWlK-cmd47Kyg4jMiKRjWxv5OpPVG1U\/view?usp=drive_link\" target=\"_blank\" rel=\"noreferrer noopener\">Legend Code<\/a><\/li>\n<\/ul>\n\n\n\n<ul>\n<li><a href=\"https:\/\/drive.google.com\/file\/d\/1ChZp0SC9-_QtzqK78UcxWCmICZ7TFERo\/view?usp=drive_link\" target=\"_blank\" rel=\"noreferrer noopener\">Legend Description<\/a><\/li>\n<\/ul>","protected":false},"excerpt":{"rendered":"<p>Los c\u00f3digos de la leyenda que aparecen en los archivos en formato raster de la Colecci\u00f3n 2 de MapBiomas Paraguay est\u00e1n disponible en:<\/p>","protected":false},"author":2,"featured_media":0,"parent":0,"menu_order":0,"comment_status":"closed","ping_status":"closed","template":"","meta":{"_uag_custom_page_level_css":""},"acf":[],"uagb_featured_image_src":{"full":false,"thumbnail":false,"medium":false,"medium_large":false,"large":false,"1536x1536":false,"2048x2048":false,"trp-custom-language-flag":false,"infographic":false,"team":false},"uagb_author_info":{"display_name":"Adriel Fernandes","author_link":"https:\/\/paraguay.mapbiomas.org\/en\/author\/adriel-fernandes\/"},"uagb_comment_info":0,"uagb_excerpt":"Los c\u00f3digos de la leyenda que aparecen en los archivos en formato raster de la Colecci\u00f3n 2 de MapBiomas Paraguay est\u00e1n disponible en:","_links":{"self":[{"href":"https:\/\/paraguay.mapbiomas.org\/en\/wp-json\/wp\/v2\/pages\/192"}],"collection":[{"href":"https:\/\/paraguay.mapbiomas.org\/en\/wp-json\/wp\/v2\/pages"}],"about":[{"href":"https:\/\/paraguay.mapbiomas.org\/en\/wp-json\/wp\/v2\/types\/page"}],"author":[{"embeddable":true,"href":"https:\/\/paraguay.mapbiomas.org\/en\/wp-json\/wp\/v2\/users\/2"}],"replies":[{"embeddable":true,"href":"https:\/\/paraguay.mapbiomas.org\/en\/wp-json\/wp\/v2\/comments?post=192"}],"version-history":[{"count":8,"href":"https:\/\/paraguay.mapbiomas.org\/en\/wp-json\/wp\/v2\/pages\/192\/revisions"}],"predecessor-version":[{"id":426,"href":"https:\/\/paraguay.mapbiomas.org\/en\/wp-json\/wp\/v2\/pages\/192\/revisions\/426"}],"wp:attachment":[{"href":"https:\/\/paraguay.mapbiomas.org\/en\/wp-json\/wp\/v2\/media?parent=192"}],"curies":[{"name":"wp","href":"https:\/\/api.w.org\/{rel}","templated":true}]}}