{"id":196,"date":"2023-12-13T14:48:22","date_gmt":"2023-12-13T14:48:22","guid":{"rendered":"https:\/\/staging-paraguay.mapbiomas.org\/?page_id=196"},"modified":"2023-12-13T15:57:32","modified_gmt":"2023-12-13T15:57:32","slug":"mapas-de-referencia","status":"publish","type":"page","link":"https:\/\/paraguay.mapbiomas.org\/en\/mapas-de-referencia\/","title":{"rendered":"Reference map"},"content":{"rendered":"<p>Here you can find the maps used as a reference by MapBiomas Trinacional Atlantic Forest to train the classification algorithms and to validate the quality of the project's automatic classifications. These references come from various organizations and have varied geographical and temporal scales.<\/p>\n\n\n\n<p>Some of these maps still do not have public access because they are in the process of being published. When they are available, their corresponding link will be incorporated to allow the data to be downloaded directly from the original source.<\/p>\n\n\n\n<p><\/p>","protected":false},"excerpt":{"rendered":"<p>Aqu\u00ed pueden encontrarse los mapas utilizados como referencia por MapBiomas Paraguay para realizar el entrenamiento de los algoritmos de clasificaci\u00f3n y para validar la calidad de las clasificaciones autom\u00e1ticas del proyecto. Estas referencias provienen de diversas organizaciones y poseen escalas temporales y geogr\u00e1ficas variadas. Algunos de estos mapas a\u00fan no cuentan con acceso p\u00fablico por [&hellip;]<\/p>","protected":false},"author":2,"featured_media":0,"parent":0,"menu_order":0,"comment_status":"closed","ping_status":"closed","template":"page_maps_and_references.php","meta":{"_uag_custom_page_level_css":""},"acf":[],"uagb_featured_image_src":{"full":false,"thumbnail":false,"medium":false,"medium_large":false,"large":false,"1536x1536":false,"2048x2048":false,"trp-custom-language-flag":false,"infographic":false,"team":false},"uagb_author_info":{"display_name":"Adriel Fernandes","author_link":"https:\/\/paraguay.mapbiomas.org\/en\/author\/adriel-fernandes\/"},"uagb_comment_info":0,"uagb_excerpt":"Aqu\u00ed pueden encontrarse los mapas utilizados como referencia por MapBiomas Paraguay para realizar el entrenamiento de los algoritmos de clasificaci\u00f3n y para validar la calidad de las clasificaciones autom\u00e1ticas del proyecto. Estas referencias provienen de diversas organizaciones y poseen escalas temporales y geogr\u00e1ficas variadas. Algunos de estos mapas a\u00fan no cuentan con acceso p\u00fablico por&hellip;","_links":{"self":[{"href":"https:\/\/paraguay.mapbiomas.org\/en\/wp-json\/wp\/v2\/pages\/196"}],"collection":[{"href":"https:\/\/paraguay.mapbiomas.org\/en\/wp-json\/wp\/v2\/pages"}],"about":[{"href":"https:\/\/paraguay.mapbiomas.org\/en\/wp-json\/wp\/v2\/types\/page"}],"author":[{"embeddable":true,"href":"https:\/\/paraguay.mapbiomas.org\/en\/wp-json\/wp\/v2\/users\/2"}],"replies":[{"embeddable":true,"href":"https:\/\/paraguay.mapbiomas.org\/en\/wp-json\/wp\/v2\/comments?post=196"}],"version-history":[{"count":4,"href":"https:\/\/paraguay.mapbiomas.org\/en\/wp-json\/wp\/v2\/pages\/196\/revisions"}],"predecessor-version":[{"id":216,"href":"https:\/\/paraguay.mapbiomas.org\/en\/wp-json\/wp\/v2\/pages\/196\/revisions\/216"}],"wp:attachment":[{"href":"https:\/\/paraguay.mapbiomas.org\/en\/wp-json\/wp\/v2\/media?parent=196"}],"curies":[{"name":"wp","href":"https:\/\/api.w.org\/{rel}","templated":true}]}}