{"id":24,"date":"2023-07-24T13:33:33","date_gmt":"2023-07-24T13:33:33","guid":{"rendered":"https:\/\/staging-paraguay.mapbiomas.org\/?page_id=24"},"modified":"2025-04-14T19:30:20","modified_gmt":"2025-04-14T19:30:20","slug":"herramientas","status":"publish","type":"page","link":"https:\/\/paraguay.mapbiomas.org\/en\/herramientas\/","title":{"rendered":"Tools"},"content":{"rendered":"<h4 class=\"wp-block-heading\"><strong>TOOLKIT<\/strong><\/h4>\n\n\n\n<p>Para facilitar el acceso a los datos de MapBiomas Paraguay sobre coberturas y transiciones anuales, fue creado un toolkit para el proyecto. A trav\u00e9s de este toolkit disponible en Google Earth Engine es posible hacer la exportaci\u00f3n de las colecciones por l\u00edmite de regi\u00f3n, distrito, \u00e1reas protegidas o comunidades ind\u00edgenas seg\u00fan el inter\u00e9s del usuario.&nbsp;<\/p>\n\n\n\n<p>El siguiente toolkit est\u00e1 disponible en el siguiente <a href=\"https:\/\/code.earthengine.google.com\/?scriptPath=users%2Fmapbiomas%2Fuser-toolkit%3Amapbiomas-user-toolkit-lulc.js\">LINK<\/a><\/p>\n\n\n\n<h4 class=\"wp-block-heading\"><strong>ACCESO A LA COLECCI\u00d3N 2 MAPBIOMAS PARAGUAY EN GOOGLE EARTH ENGINE<\/strong><\/h4>\n\n\n\n<p>The MapBiomas collection  of maps is available for direct access in Google Earth Engine, without the need to download or upload data. Below are the available products and their access IDs in Google Earth Engine:&nbsp;<\/p>\n\n\n\n<p>Mapas finales integrados de la Colecci\u00f3n 2<\/p>\n\n\n\n<p>ID: <strong>projects\/mapbiomas-public\/assets\/paraguay\/collection1\/mapbiomas_paraguay_collection1_integration_v1<\/strong><\/p>","protected":false},"excerpt":{"rendered":"<p>TOOLKIT Para facilitar el acceso a los datos de MapBiomas Paraguay sobre coberturas y transiciones anuales, fue creado un toolkit para el proyecto. A trav\u00e9s de este toolkit disponible en Google Earth Engine es posible hacer la exportaci\u00f3n de las colecciones por l\u00edmite de regi\u00f3n, distrito, \u00e1reas protegidas o comunidades ind\u00edgenas seg\u00fan el inter\u00e9s del [&hellip;]<\/p>","protected":false},"author":2,"featured_media":0,"parent":0,"menu_order":0,"comment_status":"closed","ping_status":"closed","template":"","meta":{"_uag_custom_page_level_css":""},"acf":[],"uagb_featured_image_src":{"full":false,"thumbnail":false,"medium":false,"medium_large":false,"large":false,"1536x1536":false,"2048x2048":false,"trp-custom-language-flag":false,"infographic":false,"team":false},"uagb_author_info":{"display_name":"Adriel Fernandes","author_link":"https:\/\/paraguay.mapbiomas.org\/en\/author\/adriel-fernandes\/"},"uagb_comment_info":0,"uagb_excerpt":"TOOLKIT Para facilitar el acceso a los datos de MapBiomas Paraguay sobre coberturas y transiciones anuales, fue creado un toolkit para el proyecto. A trav\u00e9s de este toolkit disponible en Google Earth Engine es posible hacer la exportaci\u00f3n de las colecciones por l\u00edmite de regi\u00f3n, distrito, \u00e1reas protegidas o comunidades ind\u00edgenas seg\u00fan el inter\u00e9s del&hellip;","_links":{"self":[{"href":"https:\/\/paraguay.mapbiomas.org\/en\/wp-json\/wp\/v2\/pages\/24"}],"collection":[{"href":"https:\/\/paraguay.mapbiomas.org\/en\/wp-json\/wp\/v2\/pages"}],"about":[{"href":"https:\/\/paraguay.mapbiomas.org\/en\/wp-json\/wp\/v2\/types\/page"}],"author":[{"embeddable":true,"href":"https:\/\/paraguay.mapbiomas.org\/en\/wp-json\/wp\/v2\/users\/2"}],"replies":[{"embeddable":true,"href":"https:\/\/paraguay.mapbiomas.org\/en\/wp-json\/wp\/v2\/comments?post=24"}],"version-history":[{"count":7,"href":"https:\/\/paraguay.mapbiomas.org\/en\/wp-json\/wp\/v2\/pages\/24\/revisions"}],"predecessor-version":[{"id":427,"href":"https:\/\/paraguay.mapbiomas.org\/en\/wp-json\/wp\/v2\/pages\/24\/revisions\/427"}],"wp:attachment":[{"href":"https:\/\/paraguay.mapbiomas.org\/en\/wp-json\/wp\/v2\/media?parent=24"}],"curies":[{"name":"wp","href":"https:\/\/api.w.org\/{rel}","templated":true}]}}