{"id":26,"date":"2023-07-24T13:33:40","date_gmt":"2023-07-24T13:33:40","guid":{"rendered":"https:\/\/staging-paraguay.mapbiomas.org\/?page_id=26"},"modified":"2023-12-19T11:31:56","modified_gmt":"2023-12-19T11:31:56","slug":"descripcion-general-de-la-metodologia","status":"publish","type":"page","link":"https:\/\/paraguay.mapbiomas.org\/en\/descripcion-general-de-la-metodologia\/","title":{"rendered":"Methodology Overview"},"content":{"rendered":"<p>Below you will find the main features, how the work is organized and an overview of the MapBiomas Trinational Atlantic Forest method for generating land cover and land use maps and transition\/land use change maps between different years.<\/p>\n\n\n\n<p>You can access the ATBD (Algorithm Theoretical Basis Document) with all the methodology description and algorithms by accessing the link below.<\/p>\n\n\n\n<p>[DOWNLOAD COMPLETE METHODOLOGY - ATBD]<\/p>\n\n\n\n<p><strong>GENERAL CHARACTERISTICS<\/strong><\/p>\n\n\n\n<p>All annual land cover and land use maps of the MapBiomas Trinational Atlantic Forest are produced from the pixel-by-pixel classification of Landsat satellite images. The whole process is carried out on the Google Earth Engine platform which offers immense cloud processing capabilities. Only for Brazil, the IBGE 1 x 1.5o (lat\/long) tiles are used to facilitate the parameterization of the algorithms and the organization of all the processing stages.<\/p>\n\n\n\n<p><strong>HOW WE ARE ORGANIZED<\/strong><\/p>\n\n\n\n<p>For mapping, programmers, remote sensing specialists, and conservation and land use specialists are organized into teams for each country as they have leading institutions as part of their network.<\/p>\n\n\n\n<p><strong>Methodology Overview<\/strong><\/p>\n\n\n\n<p>The diagram below illustrates the main stages in the process of generating the annual MapBiomas Trinational Atlantic Forest land cover and land use maps and transition maps.<\/p>\n\n\n\n<figure class=\"wp-block-image size-large\"><img decoding=\"async\" src=\"https:\/\/paraguay.mapbiomas.org\/wp-content\/uploads\/sites\/11\/2023\/12\/EN.png\" alt=\"\"\/><\/figure>","protected":false},"excerpt":{"rendered":"<p>Abajo encontrar\u00e1 las principales caracter\u00edsticas, la forma de organizaci\u00f3n del trabajo y la visi\u00f3n general del m\u00e9todo de MapBiomas Bosque Atl\u00e1ntico Trinacional para generar los mapas de cobertura y uso del suelo y los mapas de transici\u00f3n\/cambio de uso del suelo entre los diferentes a\u00f1os. Usted puede acceder al ATBD (Documento Base de la Teor\u00eda [&hellip;]<\/p>","protected":false},"author":2,"featured_media":0,"parent":0,"menu_order":0,"comment_status":"closed","ping_status":"closed","template":"","meta":{"_uag_custom_page_level_css":""},"acf":[],"uagb_featured_image_src":{"full":false,"thumbnail":false,"medium":false,"medium_large":false,"large":false,"1536x1536":false,"2048x2048":false,"trp-custom-language-flag":false,"infographic":false,"team":false},"uagb_author_info":{"display_name":"Adriel Fernandes","author_link":"https:\/\/paraguay.mapbiomas.org\/en\/author\/adriel-fernandes\/"},"uagb_comment_info":0,"uagb_excerpt":"Abajo encontrar\u00e1 las principales caracter\u00edsticas, la forma de organizaci\u00f3n del trabajo y la visi\u00f3n general del m\u00e9todo de MapBiomas Bosque Atl\u00e1ntico Trinacional para generar los mapas de cobertura y uso del suelo y los mapas de transici\u00f3n\/cambio de uso del suelo entre los diferentes a\u00f1os. Usted puede acceder al ATBD (Documento Base de la Teor\u00eda&hellip;","_links":{"self":[{"href":"https:\/\/paraguay.mapbiomas.org\/en\/wp-json\/wp\/v2\/pages\/26"}],"collection":[{"href":"https:\/\/paraguay.mapbiomas.org\/en\/wp-json\/wp\/v2\/pages"}],"about":[{"href":"https:\/\/paraguay.mapbiomas.org\/en\/wp-json\/wp\/v2\/types\/page"}],"author":[{"embeddable":true,"href":"https:\/\/paraguay.mapbiomas.org\/en\/wp-json\/wp\/v2\/users\/2"}],"replies":[{"embeddable":true,"href":"https:\/\/paraguay.mapbiomas.org\/en\/wp-json\/wp\/v2\/comments?post=26"}],"version-history":[{"count":7,"href":"https:\/\/paraguay.mapbiomas.org\/en\/wp-json\/wp\/v2\/pages\/26\/revisions"}],"predecessor-version":[{"id":322,"href":"https:\/\/paraguay.mapbiomas.org\/en\/wp-json\/wp\/v2\/pages\/26\/revisions\/322"}],"wp:attachment":[{"href":"https:\/\/paraguay.mapbiomas.org\/en\/wp-json\/wp\/v2\/media?parent=26"}],"curies":[{"name":"wp","href":"https:\/\/api.w.org\/{rel}","templated":true}]}}