{"id":28,"date":"2023-07-24T13:33:47","date_gmt":"2023-07-24T13:33:47","guid":{"rendered":"https:\/\/staging-paraguay.mapbiomas.org\/?page_id=28"},"modified":"2023-12-19T11:31:39","modified_gmt":"2023-12-19T11:31:39","slug":"atbd-entienda-cada-etapa","status":"publish","type":"page","link":"https:\/\/paraguay.mapbiomas.org\/en\/atbd-entienda-cada-etapa\/","title":{"rendered":"ATBD \u2013 step by step"},"content":{"rendered":"<h4 class=\"wp-block-heading\">GET TO KNOW THE STEPS OF THE MAPBIOMAS METHODOLOGY<\/h4>\n\n\n\n<p class=\" translation-block\">Here we detail the MapBiomas Paraguay methodology step by step. For each class treated in the map there are specific peculiarities and characteristics that can be checked in detail in the <a href=\"https:\/\/staging-paraguay.mapbiomas.org\/\" target=\"_self\">ATBD<\/a> in its appendices.. \u00a0<\/p>\n\n\n\n<figure class=\"wp-block-image size-large\"><img decoding=\"async\" src=\"https:\/\/paraguay.mapbiomas.org\/wp-content\/uploads\/sites\/11\/2023\/12\/unnamed-5.png\" alt=\"\"\/><\/figure>\n\n\n\n<p>It all starts with Landsat satellite imagery, with 30-meter resolution, available for free on the Google Earth Engine platform and with a time series of more than 30 years. Images can contain clouds, smoke, and other artifacts that can \"dirty\" them. To produce a clean image, the cloudless pixels are selected from the available images for the selected period. For each of these pixels are extracted metrics that explain the behavior of the pixel in that year. This is done with each of the 7 satellite spectral bands as well as for the calculated spectral fractions and indices. For example, for Band 1 the median of band values \u200b\u200bin the period, the maximum value, the minimum value in the year and the amplitude of variation is collected. At the end each pixel for one year carries up to 91 layers of information.<\/p>\n\n\n\n<figure class=\"wp-block-image size-large\"><img decoding=\"async\" src=\"https:\/\/paraguay.mapbiomas.org\/wp-content\/uploads\/sites\/11\/2023\/12\/unnamed-4.png\" alt=\"\"\/><\/figure>\n\n\n\n<p>For each year, a mosaic covering Paraguay is set up representing the behavior of each pixel through 91 metrics or layers of information. This mosaic set is saved as a collection of data (Asset) within the Google Earth Engine platform. These mosaics will be used in two main ways. First as source parameters for the algorithm to produce classification (see next step). It is also from this mosaic that RGB composition is derived allowing visualization of the background image in the platform MapBiomas. This composition is also used for the collection of training samples and samples for assessment of accuracy by visual interpretation.<\/p>\n\n\n\n<figure class=\"wp-block-image size-large\"><img decoding=\"async\" src=\"https:\/\/paraguay.mapbiomas.org\/wp-content\/uploads\/sites\/11\/2023\/12\/unnamed-3.png\" alt=\"\"\/><\/figure>\n\n\n\n<p>From the image mosaics, the land cover and use map (forest, field, agriculture, pasture, urban area, water, etc.) is made. To do so, MapBiomas analysts use an automatic classifier called \"random forest\", which runs on Google Earth Engine. This system is based on machine learning: for each topic to be classified, the machines are \"trained\" with samples of the targets to be classified. These samples are obtained by means of reference maps, generation of maps of stable classes of the previous series of MapBiomas and by direct collection of complementary samples through visual interpretation of the Landsat images.<\/p>\n\n\n\n<figure class=\"wp-block-image size-large\"><img decoding=\"async\" src=\"https:\/\/paraguay.mapbiomas.org\/wp-content\/uploads\/sites\/11\/2023\/12\/unnamed-2.png\" alt=\"\"\/><\/figure>\n\n\n\n<p>The spatial filter aims to increase the spatial consistency of the data by eliminating isolated or border pixels. Neighborhood rules are defined that can lead to a change in pixel classification. For example, a pixel that has less than two out of the nine neighboring pixels in the same class will be reclassified to the predominant class in the neighborhood. The filter applies to all classes and years in the collection<\/p>\n\n\n\n<figure class=\"wp-block-image size-large\"><img decoding=\"async\" src=\"https:\/\/paraguay.mapbiomas.org\/wp-content\/uploads\/sites\/11\/2023\/12\/unnamed-1.png\" alt=\"\"\/><\/figure>\n\n\n\n<p>In order to reduce temporal inconsistencies, in particular changes in coverage and use that are impossible or not permitted (eg Natural Forest &gt; Non-Forest &gt; Natural Forest) and to correct failures due to cloud overflow or lack of data, a temporal filter is applied. Each class may have specific temporal filter rules. The temporal filter is applied to each pixel analyzing all the years of the Collection (eg Collection 1 are 38 years).<\/p>\n\n\n\n<figure class=\"wp-block-image size-large\"><img decoding=\"async\" src=\"https:\/\/paraguay.mapbiomas.org\/wp-content\/uploads\/sites\/11\/2023\/12\/unnamed.png\" alt=\"\"\/><\/figure>\n\n\n\n<p>In order to understand changes in land cover and land use, maps are produced with class transitions between different pairs of selected years. It is thus possible to visualize the dynamism of the territory, and answer questions such as how much of the forest has turned pasture from one year to another, for example, among other changes in the landscape. Transition maps are produced pixel by pixel and after finalized also pass through a spatial filter to eliminate isolated transition or border pixels. From these maps are constructed the transition matrices for each administrative unit, available on the MapBiomas Paraguay Platform.<\/p>","protected":false},"excerpt":{"rendered":"<p>CONOZCA LAS ETAPAS DE LA METODOLOG\u00cdA DE MAPBIOMAS PARAGUAY Aqu\u00ed detallamos paso a paso la metodolog\u00eda de MapBiomas Paraguay. Para cada clase tratada en el mapa existen particularidades y caracter\u00edsticas espec\u00edficas que se pueden consultar en detalle en los anexos del ATBD. \u00a0 Todo comienza con im\u00e1genes satelitales Landsat, con una resoluci\u00f3n de 30 metros, [&hellip;]<\/p>","protected":false},"author":2,"featured_media":0,"parent":0,"menu_order":0,"comment_status":"closed","ping_status":"closed","template":"","meta":{"_uag_custom_page_level_css":""},"acf":[],"uagb_featured_image_src":{"full":false,"thumbnail":false,"medium":false,"medium_large":false,"large":false,"1536x1536":false,"2048x2048":false,"trp-custom-language-flag":false,"infographic":false,"team":false},"uagb_author_info":{"display_name":"Adriel Fernandes","author_link":"https:\/\/paraguay.mapbiomas.org\/en\/author\/adriel-fernandes\/"},"uagb_comment_info":0,"uagb_excerpt":"CONOZCA LAS ETAPAS DE LA METODOLOG\u00cdA DE MAPBIOMAS PARAGUAY Aqu\u00ed detallamos paso a paso la metodolog\u00eda de MapBiomas Paraguay. Para cada clase tratada en el mapa existen particularidades y caracter\u00edsticas espec\u00edficas que se pueden consultar en detalle en los anexos del ATBD. \u00a0 Todo comienza con im\u00e1genes satelitales Landsat, con una resoluci\u00f3n de 30 metros,&hellip;","_links":{"self":[{"href":"https:\/\/paraguay.mapbiomas.org\/en\/wp-json\/wp\/v2\/pages\/28"}],"collection":[{"href":"https:\/\/paraguay.mapbiomas.org\/en\/wp-json\/wp\/v2\/pages"}],"about":[{"href":"https:\/\/paraguay.mapbiomas.org\/en\/wp-json\/wp\/v2\/types\/page"}],"author":[{"embeddable":true,"href":"https:\/\/paraguay.mapbiomas.org\/en\/wp-json\/wp\/v2\/users\/2"}],"replies":[{"embeddable":true,"href":"https:\/\/paraguay.mapbiomas.org\/en\/wp-json\/wp\/v2\/comments?post=28"}],"version-history":[{"count":7,"href":"https:\/\/paraguay.mapbiomas.org\/en\/wp-json\/wp\/v2\/pages\/28\/revisions"}],"predecessor-version":[{"id":321,"href":"https:\/\/paraguay.mapbiomas.org\/en\/wp-json\/wp\/v2\/pages\/28\/revisions\/321"}],"wp:attachment":[{"href":"https:\/\/paraguay.mapbiomas.org\/en\/wp-json\/wp\/v2\/media?parent=28"}],"curies":[{"name":"wp","href":"https:\/\/api.w.org\/{rel}","templated":true}]}}