{"id":30,"date":"2023-07-24T13:33:59","date_gmt":"2023-07-24T13:33:59","guid":{"rendered":"https:\/\/staging-paraguay.mapbiomas.org\/?page_id=30"},"modified":"2023-12-13T14:32:57","modified_gmt":"2023-12-13T14:32:57","slug":"descargas","status":"publish","type":"page","link":"https:\/\/paraguay.mapbiomas.org\/en\/descargas\/","title":{"rendered":"Downloads"},"content":{"rendered":"<p>Download here maps, statistical data, Landsat image mosaics, legend codes, among other data and communication materials from the MapBiomas collections<\/p>","protected":false},"excerpt":{"rendered":"<p>Download here maps, statistical data, Landsat image mosaics, legend codes, among other data and communication materials from the MapBiomas collections<\/p>","protected":false},"author":2,"featured_media":0,"parent":0,"menu_order":0,"comment_status":"closed","ping_status":"closed","template":"page_download.php","meta":{"_uag_custom_page_level_css":""},"acf":[],"uagb_featured_image_src":{"full":false,"thumbnail":false,"medium":false,"medium_large":false,"large":false,"1536x1536":false,"2048x2048":false,"trp-custom-language-flag":false,"infographic":false,"team":false},"uagb_author_info":{"display_name":"Adriel Fernandes","author_link":"https:\/\/paraguay.mapbiomas.org\/en\/author\/adriel-fernandes\/"},"uagb_comment_info":0,"uagb_excerpt":"Aqu\u00ed puede descargar mapas, datos estad\u00edsticos,\u00a0 mosaicos de im\u00e1genes Landsat, c\u00f3digos de leyenda, entre otros datos y materiales de comunicaci\u00f3n de las colecciones MapBiomas","_links":{"self":[{"href":"https:\/\/paraguay.mapbiomas.org\/en\/wp-json\/wp\/v2\/pages\/30"}],"collection":[{"href":"https:\/\/paraguay.mapbiomas.org\/en\/wp-json\/wp\/v2\/pages"}],"about":[{"href":"https:\/\/paraguay.mapbiomas.org\/en\/wp-json\/wp\/v2\/types\/page"}],"author":[{"embeddable":true,"href":"https:\/\/paraguay.mapbiomas.org\/en\/wp-json\/wp\/v2\/users\/2"}],"replies":[{"embeddable":true,"href":"https:\/\/paraguay.mapbiomas.org\/en\/wp-json\/wp\/v2\/comments?post=30"}],"version-history":[{"count":2,"href":"https:\/\/paraguay.mapbiomas.org\/en\/wp-json\/wp\/v2\/pages\/30\/revisions"}],"predecessor-version":[{"id":180,"href":"https:\/\/paraguay.mapbiomas.org\/en\/wp-json\/wp\/v2\/pages\/30\/revisions\/180"}],"wp:attachment":[{"href":"https:\/\/paraguay.mapbiomas.org\/en\/wp-json\/wp\/v2\/media?parent=30"}],"curies":[{"name":"wp","href":"https:\/\/api.w.org\/{rel}","templated":true}]}}