{"id":374,"date":"2024-08-02T18:55:24","date_gmt":"2024-08-02T18:55:24","guid":{"rendered":"https:\/\/paraguay.mapbiomas.org\/?page_id=374"},"modified":"2024-11-12T13:25:26","modified_gmt":"2024-11-12T13:25:26","slug":"manual-de-marca","status":"publish","type":"page","link":"https:\/\/paraguay.mapbiomas.org\/en\/manual-de-marca\/","title":{"rendered":"Brand guidelines"},"content":{"rendered":"<p>La <strong>marca MapBiomas <\/strong>&#8211; nombre, logotipo y sus variaciones &#8211; puede ser utilizada por el p\u00fablico en general bajo las siguientes condiciones:<\/p>\n\n\n\n<div class=\"wp-block-media-text alignwide has-media-on-the-right is-stacked-on-mobile\" style=\"grid-template-columns:auto 40%\"><div class=\"wp-block-media-text__content\">\n<ul>\n<li><strong>no se utilice <\/strong>con <strong>fines comerciales<\/strong>.<\/li>\n\n\n\n<li><strong>no se utilice <\/strong>de forma que sugiera <strong>asociaci\u00f3n, patrocinio o apoyo a cualquier producto, empresa\/instituci\u00f3n o causa pol\u00edtica <\/strong>que no haya sido expl\u00edcitamente realizada por la red MapBiomas en una ocasi\u00f3n anterior.<\/li>\n\n\n\n<li><strong>no se utilice <\/strong>juntamente <strong>con otros elementos gr\u00e1ficos que den lugar a la alteraci\u00f3n de las proporciones, composici\u00f3n, colores, fondo, tipograf\u00eda y versiones verticales y horizontales de su identidad<\/strong>.<\/li>\n<\/ul>\n<\/div><figure class=\"wp-block-media-text__media\"><img decoding=\"async\" loading=\"lazy\" width=\"1024\" height=\"575\" src=\"https:\/\/paraguay.mapbiomas.org\/wp-content\/uploads\/sites\/11\/2024\/11\/logo-manual-marca-1024x575.png\" alt=\"\" class=\"wp-image-398 size-full\" srcset=\"https:\/\/paraguay.mapbiomas.org\/wp-content\/uploads\/sites\/11\/2024\/11\/logo-manual-marca-1024x575.png 1024w, https:\/\/paraguay.mapbiomas.org\/wp-content\/uploads\/sites\/11\/2024\/11\/logo-manual-marca-300x168.png 300w, https:\/\/paraguay.mapbiomas.org\/wp-content\/uploads\/sites\/11\/2024\/11\/logo-manual-marca-768x431.png 768w, https:\/\/paraguay.mapbiomas.org\/wp-content\/uploads\/sites\/11\/2024\/11\/logo-manual-marca-18x10.png 18w, https:\/\/paraguay.mapbiomas.org\/wp-content\/uploads\/sites\/11\/2024\/11\/logo-manual-marca-970x545.png 970w, https:\/\/paraguay.mapbiomas.org\/wp-content\/uploads\/sites\/11\/2024\/11\/logo-manual-marca.png 1276w\" sizes=\"(max-width: 1024px) 100vw, 1024px\" \/><\/figure><\/div>\n\n\n\n<p>Para conocer todas las normas de uso, acceda al <a rel=\"noreferrer noopener\" href=\"https:\/\/colombia.mapbiomas.org\/wp-content\/uploads\/sites\/3\/2024\/08\/SITE_ESP_manual-de-marca_06.08.24.pdf\" target=\"_blank\">manual completo de la marca<\/a>.<\/p>\n\n\n\n<p>Descarga aqu\u00ed el logo de MapBiomas en el formato <a href=\"https:\/\/brasil.mapbiomas.org\/wp-content\/uploads\/sites\/4\/2024\/10\/Logo-MapBiomas-Geral.png\">PNG<\/a> o <a href=\"https:\/\/brasil.mapbiomas.org\/wp-content\/uploads\/sites\/4\/2024\/10\/logo_Mapbiomas_intitucional_vertical.svg\">SVG<\/a>.<\/p>","protected":false},"excerpt":{"rendered":"<p>La marca MapBiomas &#8211; nombre, logotipo y sus variaciones &#8211; puede ser utilizada por el p\u00fablico en general bajo las siguientes condiciones: Para conocer todas las normas de uso, acceda al manual completo de la marca. Descarga aqu\u00ed el logo de MapBiomas en el formato PNG o SVG.<\/p>","protected":false},"author":2,"featured_media":0,"parent":0,"menu_order":0,"comment_status":"closed","ping_status":"closed","template":"","meta":{"_uag_custom_page_level_css":""},"acf":[],"uagb_featured_image_src":{"full":false,"thumbnail":false,"medium":false,"medium_large":false,"large":false,"1536x1536":false,"2048x2048":false,"trp-custom-language-flag":false,"infographic":false,"team":false},"uagb_author_info":{"display_name":"Adriel Fernandes","author_link":"https:\/\/paraguay.mapbiomas.org\/en\/author\/adriel-fernandes\/"},"uagb_comment_info":0,"uagb_excerpt":"La marca MapBiomas &#8211; nombre, logotipo y sus variaciones &#8211; puede ser utilizada por el p\u00fablico en general bajo las siguientes condiciones: Para conocer todas las normas de uso, acceda al manual completo de la marca. Descarga aqu\u00ed el logo de MapBiomas en el formato PNG o SVG.","_links":{"self":[{"href":"https:\/\/paraguay.mapbiomas.org\/en\/wp-json\/wp\/v2\/pages\/374"}],"collection":[{"href":"https:\/\/paraguay.mapbiomas.org\/en\/wp-json\/wp\/v2\/pages"}],"about":[{"href":"https:\/\/paraguay.mapbiomas.org\/en\/wp-json\/wp\/v2\/types\/page"}],"author":[{"embeddable":true,"href":"https:\/\/paraguay.mapbiomas.org\/en\/wp-json\/wp\/v2\/users\/2"}],"replies":[{"embeddable":true,"href":"https:\/\/paraguay.mapbiomas.org\/en\/wp-json\/wp\/v2\/comments?post=374"}],"version-history":[{"count":6,"href":"https:\/\/paraguay.mapbiomas.org\/en\/wp-json\/wp\/v2\/pages\/374\/revisions"}],"predecessor-version":[{"id":400,"href":"https:\/\/paraguay.mapbiomas.org\/en\/wp-json\/wp\/v2\/pages\/374\/revisions\/400"}],"wp:attachment":[{"href":"https:\/\/paraguay.mapbiomas.org\/en\/wp-json\/wp\/v2\/media?parent=374"}],"curies":[{"name":"wp","href":"https:\/\/api.w.org\/{rel}","templated":true}]}}