{"id":40,"date":"2023-07-24T13:35:00","date_gmt":"2023-07-24T13:35:00","guid":{"rendered":"https:\/\/staging-paraguay.mapbiomas.org\/?page_id=40"},"modified":"2025-10-14T16:03:08","modified_gmt":"2025-10-14T16:03:08","slug":"quienes-somos","status":"publish","type":"page","link":"https:\/\/paraguay.mapbiomas.org\/en\/quienes-somos\/","title":{"rendered":"About us"},"content":{"rendered":"<p>MapBiomas Paraguay is an initiative for annual monitoring of land cover and use. This initiative seeks to understand the transformation processes that occur in the Paraguayan territory. It was jointly created by Guyra Paraguay and WWF Paraguay.<\/p>\n\n\n\n<p><em>Co-creators:<\/em><\/p>\n\n\n\n<ul>\n<li><em>Guyra Paraguay<\/em><\/li>\n\n\n\n<li><em>WWF Paraguay<\/em><\/li>\n<\/ul>\n\n\n\n<p><em>Technical Coordination:<\/em><\/p>\n\n\n\n<ul>\n<li>MapBiomas Brazil<\/li>\n<\/ul>\n\n\n\n<p><em>Technological Collaboration:<\/em><\/p>\n\n\n\n<ul>\n<li>Google<\/li>\n\n\n\n<li>EcoStage<\/li>\n<\/ul>\n\n\n\n<p><em>Financing:<\/em><\/p>\n\n\n\n<ul>\n<li>The Nature Conservancy (TNC)<\/li>\n<\/ul>\n\n\n\n<p><em>General Coordination:<\/em>&nbsp;<\/p>\n\n\n\n<p>\u2013 Fernando Palacios (WWF Paraguay) y Edder Ortiz (Guyra Paraguay)<\/p>\n\n\n\n<p>Click <a href=\"https:\/\/paraguay.mapbiomas.org\/en\/equipo\/\">here<\/a> to know the people who are involved in MapBiomas Paraguay.<\/p>","protected":false},"excerpt":{"rendered":"<p>MapBiomas Paraguay es una iniciativa de monitoreo anual de cobertura y uso del suelo. Esta iniciativa busca entender los procesos de transformaci\u00f3n que ocurren en el territorio paraguayo. Fue creada en conjunto por Guyra Paraguay y WWF Paraguay. Co-creadores: Colaboraci\u00f3n T\u00e9cnica: Colaboraci\u00f3n en Tecnolog\u00eda: Financiamiento: Coordinaci\u00f3n General&nbsp; \u2013 Fernando Palacios (WWF Paraguay) y Edder Ortiz [&hellip;]<\/p>","protected":false},"author":2,"featured_media":0,"parent":0,"menu_order":0,"comment_status":"closed","ping_status":"closed","template":"","meta":{"_uag_custom_page_level_css":""},"acf":[],"uagb_featured_image_src":{"full":false,"thumbnail":false,"medium":false,"medium_large":false,"large":false,"1536x1536":false,"2048x2048":false,"trp-custom-language-flag":false,"infographic":false,"team":false},"uagb_author_info":{"display_name":"Adriel Fernandes","author_link":"https:\/\/paraguay.mapbiomas.org\/en\/author\/adriel-fernandes\/"},"uagb_comment_info":0,"uagb_excerpt":"MapBiomas Paraguay es una iniciativa de monitoreo anual de cobertura y uso del suelo. Esta iniciativa busca entender los procesos de transformaci\u00f3n que ocurren en el territorio paraguayo. Fue creada en conjunto por Guyra Paraguay y WWF Paraguay. Co-creadores: Colaboraci\u00f3n T\u00e9cnica: Colaboraci\u00f3n en Tecnolog\u00eda: Financiamiento: Coordinaci\u00f3n General&nbsp; \u2013 Fernando Palacios (WWF Paraguay) y Edder Ortiz&hellip;","_links":{"self":[{"href":"https:\/\/paraguay.mapbiomas.org\/en\/wp-json\/wp\/v2\/pages\/40"}],"collection":[{"href":"https:\/\/paraguay.mapbiomas.org\/en\/wp-json\/wp\/v2\/pages"}],"about":[{"href":"https:\/\/paraguay.mapbiomas.org\/en\/wp-json\/wp\/v2\/types\/page"}],"author":[{"embeddable":true,"href":"https:\/\/paraguay.mapbiomas.org\/en\/wp-json\/wp\/v2\/users\/2"}],"replies":[{"embeddable":true,"href":"https:\/\/paraguay.mapbiomas.org\/en\/wp-json\/wp\/v2\/comments?post=40"}],"version-history":[{"count":6,"href":"https:\/\/paraguay.mapbiomas.org\/en\/wp-json\/wp\/v2\/pages\/40\/revisions"}],"predecessor-version":[{"id":489,"href":"https:\/\/paraguay.mapbiomas.org\/en\/wp-json\/wp\/v2\/pages\/40\/revisions\/489"}],"wp:attachment":[{"href":"https:\/\/paraguay.mapbiomas.org\/en\/wp-json\/wp\/v2\/media?parent=40"}],"curies":[{"name":"wp","href":"https:\/\/api.w.org\/{rel}","templated":true}]}}