{"id":494,"date":"2025-10-14T16:22:40","date_gmt":"2025-10-14T16:22:40","guid":{"rendered":"https:\/\/paraguay.mapbiomas.org\/?page_id=494"},"modified":"2025-10-14T16:38:07","modified_gmt":"2025-10-14T16:38:07","slug":"lanzan-la-primera-edicion-del-premio-mapbiomas-paraguay","status":"publish","type":"page","link":"https:\/\/paraguay.mapbiomas.org\/en\/lanzan-la-primera-edicion-del-premio-mapbiomas-paraguay\/","title":{"rendered":"Lanzan la primera edici\u00f3n del Premio MapBiomas Paraguay"},"content":{"rendered":"<figure class=\"wp-block-image aligncenter size-large\"><img decoding=\"async\" loading=\"lazy\" width=\"1024\" height=\"555\" src=\"https:\/\/paraguay.mapbiomas.org\/wp-content\/uploads\/sites\/11\/2025\/10\/Logo-PremioMapBiomas-2-scaled-e1760459832569-1024x555.jpg\" alt=\"\" class=\"wp-image-500\" srcset=\"https:\/\/paraguay.mapbiomas.org\/wp-content\/uploads\/sites\/11\/2025\/10\/Logo-PremioMapBiomas-2-scaled-e1760459832569-1024x555.jpg 1024w, https:\/\/paraguay.mapbiomas.org\/wp-content\/uploads\/sites\/11\/2025\/10\/Logo-PremioMapBiomas-2-scaled-e1760459832569-300x163.jpg 300w, https:\/\/paraguay.mapbiomas.org\/wp-content\/uploads\/sites\/11\/2025\/10\/Logo-PremioMapBiomas-2-scaled-e1760459832569-768x416.jpg 768w, https:\/\/paraguay.mapbiomas.org\/wp-content\/uploads\/sites\/11\/2025\/10\/Logo-PremioMapBiomas-2-scaled-e1760459832569-1536x833.jpg 1536w, https:\/\/paraguay.mapbiomas.org\/wp-content\/uploads\/sites\/11\/2025\/10\/Logo-PremioMapBiomas-2-scaled-e1760459832569-2048x1110.jpg 2048w, https:\/\/paraguay.mapbiomas.org\/wp-content\/uploads\/sites\/11\/2025\/10\/Logo-PremioMapBiomas-2-scaled-e1760459832569-18x10.jpg 18w\" sizes=\"(max-width: 1024px) 100vw, 1024px\" \/><\/figure>\n\n\n\n<p><strong>Asunci\u00f3n, septiembre de 2025.<\/strong> <em>Con el objetivo de incentivar la generaci\u00f3n de conocimiento y la b\u00fasqueda de soluciones para la conservaci\u00f3n y la gesti\u00f3n territorial, se lanz\u00f3 oficialmente la primera edici\u00f3n del Premio MapBiomas Paraguay, organizado por Guyra Paraguay, con el apoyo de WWF Paraguay, A Todo Pulm\u00f3n y Hendata.<\/em><\/p>\n\n\n\n<p>MapBiomas es una red colaborativa presente en m\u00e1s de 14 pa\u00edses, que re\u00fane a m\u00e1s de 100 organizaciones comprometidas con el monitoreo del territorio. A trav\u00e9s del uso de tecnolog\u00edas de vanguardia como el procesamiento en la nube y algoritmos de clasificaci\u00f3n autom\u00e1tica ejecutados en la plataforma <em>Google Earth Engine, <\/em>produce informaci\u00f3n clave para comprender los cambios en los ecosistemas.<\/p>\n\n\n\n<p>En Paraguay, naci\u00f3 en 2023 a partir del trabajo conjunto entre MapBiomas Chaco y MapBiomas Bosque Atl\u00e1ntico. La iniciativa genera series hist\u00f3ricas de mapas anuales, desde 1985 hasta la actualidad, con informaci\u00f3n detallada sobre agua, fuego, y la cobertura y uso del suelo en todo el territorio paraguayo. Integrada por especialistas en sensores remotos, sistemas de informaci\u00f3n geogr\u00e1fica (SIG) y programaci\u00f3n aplicada al mapeo de cobertura y uso del suelo.<\/p>\n\n\n\n<p>El Premio MapBiomas Paraguay busca reconocer y visibilizar trabajos que, mediante el uso de los datos de la plataforma, aporten a la identificaci\u00f3n de problem\u00e1ticas socioambientales y propongan soluciones desde la academia, las organizaciones de la sociedad civil y las instituciones p\u00fablicas. Para esta primera edici\u00f3n, se establecieron dos categor\u00edas de postulaci\u00f3n: General y Joven. La fecha l\u00edmite para la entrega de trabajos es el 20 de diciembre de 2025.<\/p>\n\n\n\n<div class=\"wp-block-uagb-container uagb-block-2320661a default uagb-is-root-container\">\n<div class=\"wp-block-uagb-container uagb-block-7d5ae591\">\n<div class=\"wp-block-uagb-container uagb-block-bf1b6994\">\n<div class=\"wp-block-buttons is-content-justification-right is-layout-flex wp-container-1\">\n<div class=\"wp-block-button has-custom-width wp-block-button__width-75 is-style-info\" id=\"https:\/\/colombia.mapbiomas.org\/wp-content\/uploads\/sites\/3\/2025\/04\/Bases-1era-Edicion-Premio-MapBiomas-Colombia-2025.pdf\"><a class=\"wp-block-button__link wp-element-button\" href=\"https:\/\/paraguay.mapbiomas.org\/wp-content\/uploads\/sites\/11\/2025\/10\/BASES-Premio-MapBiomas.pdf\" target=\"_blank\" rel=\"https:\/\/colombia.mapbiomas.org\/wp-content\/uploads\/sites\/3\/2025\/04\/Bases-1era-Edicion-Premio-MapBiomas-Colombia-2025.pdf noopener\">Bases<\/a><\/div>\n<\/div>\n<\/div>\n\n\n\n<div class=\"wp-block-uagb-container uagb-block-7179051d\">\n<div class=\"wp-block-buttons is-content-justification-left is-layout-flex wp-container-2\" id=\"https:\/\/docs.google.com\/forms\/d\/e\/1FAIpQLScA0BoBx37JgCv_CoEHpSKWHdRuTZG3UMNgmFgQexAHFP6bzA\/viewform\">\n<div class=\"wp-block-button has-custom-width wp-block-button__width-75 is-style-info\" id=\"https:\/\/docs.google.com\/forms\/d\/e\/1FAIpQLScA0BoBx37JgCv_CoEHpSKWHdRuTZG3UMNgmFgQexAHFP6bzA\/viewform\"><a class=\"wp-block-button__link wp-element-button\" href=\"https:\/\/forms.gle\/UdxasK9keR2M9zsF9\" target=\"_blank\" rel=\"https:\/\/docs.google.com\/forms\/d\/e\/1FAIpQLScA0BoBx37JgCv_CoEHpSKWHdRuTZG3UMNgmFgQexAHFP6bzA\/viewform noopener\">Formulario de postulaci\u00f3n<\/a><\/div>\n<\/div>\n<\/div>\n<\/div>\n\n\n\n<div class=\"wp-block-uagb-container uagb-block-e5bd262c\">\n<div class=\"wp-block-buttons is-content-justification-center is-layout-flex wp-container-3\" id=\"https:\/\/colombia.mapbiomas.org\/wp-content\/uploads\/sites\/3\/2025\/04\/Preguntas-frecuentes-1er-Premio-MapBiomas-Colombia-2025.pdf\">\n<div class=\"wp-block-button has-custom-width wp-block-button__width-50 is-style-info\" id=\"https:\/\/colombia.mapbiomas.org\/wp-content\/uploads\/sites\/3\/2025\/04\/Preguntas-frecuentes-1er-Premio-MapBiomas-Colombia-2025.pdf\"><a class=\"wp-block-button__link wp-element-button\" href=\"https:\/\/paraguay.mapbiomas.org\/wp-content\/uploads\/sites\/11\/2025\/10\/Premios-MapBiomas-Preguntas-frecuentes.pdf\" target=\"_blank\" rel=\"https:\/\/colombia.mapbiomas.org\/wp-content\/uploads\/sites\/3\/2025\/04\/Bases-1era-Edicion-Premio-MapBiomas-Colombia-2025.pdf noopener\">FAQ<\/a><\/div>\n<\/div>\n<\/div>\n<\/div>\n\n\n\n<p>Los premios, que ya han sido implementados en pa\u00edses como Brasil y Per\u00fa, representan un incentivo para promover el uso de datos de monitoreo satelital en una amplia escala temporal, fortaleciendo as\u00ed la toma de decisiones y la construcci\u00f3n de territorios m\u00e1s sostenibles.El lanzamiento oficial se realiz\u00f3 el viernes 26 de septiembre, y los interesados en participar o conocer m\u00e1s detalles pueden acceder al formulario de inscripci\u00f3n a trav\u00e9s del siguiente enlace: <a href=\"https:\/\/forms.gle\/UdxasK9keR2M9zsF9\" target=\"_blank\" rel=\"noreferrer noopener\">Formulario de postulaci\u00f3n al Premio MapBiomas Paraguay.<\/a><\/p>","protected":false},"excerpt":{"rendered":"<p>Asunci\u00f3n, septiembre de 2025. Con el objetivo de incentivar la generaci\u00f3n de conocimiento y la b\u00fasqueda de soluciones para la conservaci\u00f3n y la gesti\u00f3n territorial, se lanz\u00f3 oficialmente la primera edici\u00f3n del Premio MapBiomas Paraguay, organizado por Guyra Paraguay, con el apoyo de WWF Paraguay, A Todo Pulm\u00f3n y Hendata. MapBiomas es una red colaborativa [&hellip;]<\/p>","protected":false},"author":3,"featured_media":0,"parent":0,"menu_order":0,"comment_status":"closed","ping_status":"closed","template":"","meta":{"_uag_custom_page_level_css":""},"acf":[],"uagb_featured_image_src":{"full":false,"thumbnail":false,"medium":false,"medium_large":false,"large":false,"1536x1536":false,"2048x2048":false,"trp-custom-language-flag":false,"infographic":false,"team":false},"uagb_author_info":{"display_name":"Rafael Coelho","author_link":"https:\/\/paraguay.mapbiomas.org\/en\/author\/rafael-coelho\/"},"uagb_comment_info":0,"uagb_excerpt":"Asunci\u00f3n, septiembre de 2025. Con el objetivo de incentivar la generaci\u00f3n de conocimiento y la b\u00fasqueda de soluciones para la conservaci\u00f3n y la gesti\u00f3n territorial, se lanz\u00f3 oficialmente la primera edici\u00f3n del Premio MapBiomas Paraguay, organizado por Guyra Paraguay, con el apoyo de WWF Paraguay, A Todo Pulm\u00f3n y Hendata. MapBiomas es una red colaborativa&hellip;","_links":{"self":[{"href":"https:\/\/paraguay.mapbiomas.org\/en\/wp-json\/wp\/v2\/pages\/494"}],"collection":[{"href":"https:\/\/paraguay.mapbiomas.org\/en\/wp-json\/wp\/v2\/pages"}],"about":[{"href":"https:\/\/paraguay.mapbiomas.org\/en\/wp-json\/wp\/v2\/types\/page"}],"author":[{"embeddable":true,"href":"https:\/\/paraguay.mapbiomas.org\/en\/wp-json\/wp\/v2\/users\/3"}],"replies":[{"embeddable":true,"href":"https:\/\/paraguay.mapbiomas.org\/en\/wp-json\/wp\/v2\/comments?post=494"}],"version-history":[{"count":7,"href":"https:\/\/paraguay.mapbiomas.org\/en\/wp-json\/wp\/v2\/pages\/494\/revisions"}],"predecessor-version":[{"id":505,"href":"https:\/\/paraguay.mapbiomas.org\/en\/wp-json\/wp\/v2\/pages\/494\/revisions\/505"}],"wp:attachment":[{"href":"https:\/\/paraguay.mapbiomas.org\/en\/wp-json\/wp\/v2\/media?parent=494"}],"curies":[{"name":"wp","href":"https:\/\/api.w.org\/{rel}","templated":true}]}}